{"id":255,"date":"2023-09-26T14:44:46","date_gmt":"2023-09-26T20:44:46","guid":{"rendered":"https:\/\/ibgp.com.mx\/en\/?page_id=255"},"modified":"2025-06-12T12:33:53","modified_gmt":"2025-06-12T18:33:53","slug":"contact","status":"publish","type":"page","link":"https:\/\/ibgp.com.mx\/en\/contact\/","title":{"rendered":"Contact"},"content":{"rendered":"<!--themify_builder_content-->\n<div id=\"themify_builder_content-255\" data-postid=\"255\" class=\"themify_builder_content themify_builder_content-255 themify_builder tf_clear\">\n    \t\t\t\t<!-- module_row -->\n\t\t<div  data-lazy=\"1\" class=\"module_row themify_builder_row tb_030m563 tb_first tf_w tf_clearfix\">\n\t\t\t\t\t<div class=\"row_inner col_align_top tb_col_count_1 tf_box tf_rel\">\n\t\t\t\t\t<div  data-lazy=\"1\" class=\"module_column tb-column col-full tb_tm12564 first\">\n\t\t\t\t\t\t\t\t\t<div class=\"tb-column-inner tf_box tf_w\">\n\t\t\t\t<!-- module text -->\n<div  class=\"module module-text tb_xwb3891   \" data-lazy=\"1\">\n        <div  class=\"tb_text_wrap\">\n    <h1 style=\"text-align: center;\">Get in touch<\/h1>    <\/div>\n<\/div>\n<!-- \/module text --><!-- module text -->\n<div  class=\"module module-text tb_4am5974  repeat \" data-lazy=\"1\">\n        <div  class=\"tb_text_wrap\">\n    <p style=\"text-align: center;\"><a href=\"mailto:contacto@ibgp.com.mx\"><strong>contacto@ibgp.com.mx<\/strong><\/a><\/p>\n<p style=\"text-align: center;\">Calzada de los Leones 170, 2\u00ba Piso. Col. Los Alpes. Alvaro Obreg\u00f3n C.P 01010, M\u00e9xico D.F. Distrito Sur, Piso 9<\/p>\n<p style=\"text-align: center;\">Blvd. Adolfo L\u00f3pez Mateos 2235, Las \u00c1guilas, \u00c1lvaro Obreg\u00f3n, 01710 Ciudad de M\u00e9xico, CDMX<\/p>    <\/div>\n<\/div>\n<!-- \/module text -->\t\t<div  data-lazy=\"1\" class=\"module_subrow themify_builder_sub_row tb_9465260 tf_w tf_clearfix\">\n\t\t\t\t\t<div class=\"subrow_inner col_align_middle tb_col_count_2 tf_box tf_w\">\n\t\t\t\t\t<div  data-lazy=\"1\" class=\"module_column sub_column col4-2 tb_96sx261 first\">\n\t\t\t\t\t\t\t\t\t<div class=\"tb-column-inner tf_box tf_w\">\n\t\t\t\t<!-- module contact -->\n<div  id=\"tb_vxyl187\" class=\"module module-contact tb_vxyl187 contact-style2 \" data-lazy=\"1\">\n    \n\t<form class=\"builder-contact\"\n\t\tid=\"tb_vxyl187-form\"\n\t\tmethod=\"post\"\n\t\tdata-post-id=\"255\"\n\t\tdata-element-id=\"vxyl187\"\n\t\tdata-orig-id=\"255\"\n\t>\n    <div class=\"contact-message\"><\/div>\n\t<div class=\"builder-contact-fields tf_rel\">\n\t\t    \t\t    <div class=\"builder-contact-field builder-contact-field-name builder-contact-text-field\">\n\t\t\t    <label class=\"control-label\" for=\"tb_vxyl187-contact-name\">\n\t\t\t\t\t\t\t\t\t\t<span class=\"tb-label-span\">Name <\/span><span class=\"required\">*<\/span>\t\t\t\t<\/label>\n\t\t\t    <div class=\"control-input tf_rel\">\n\t\t\t\t    \t\t\t\t\t    <input type=\"text\" name=\"contact-name\" placeholder=\"\" id=\"tb_vxyl187-contact-name\" value=\"\" class=\"form-control\" required>\n\t\t\t\t    \t\t\t\t    \t\t\t    <\/div>\n\t\t<\/div>\n\t    \n\t\t    \t\t    <div class=\"builder-contact-field builder-contact-field-email builder-contact-text-field\">\n\t\t\t    <label class=\"control-label\" for=\"tb_vxyl187-contact-email\">\n\t\t\t\t\t\t\t\t\t\t<span class=\"tb-label-span\">Email <\/span><span class=\"required\">*<\/span>\t\t\t\t<\/label>\n\t\t\t    <div class=\"control-input tf_rel\">\n\t\t\t\t    \t\t\t\t\t    <input type=\"email\" name=\"contact-email\" placeholder=\"\" id=\"tb_vxyl187-contact-email\" value=\"\" class=\"form-control\" required>\n\t\t\t\t    \t\t\t\t    \t\t\t    <\/div>\n\t\t<\/div>\n\t    \n\t\t    \t\t    <div class=\"builder-contact-field builder-contact-field-subject builder-contact-text-field\">\n\t\t\t    <label class=\"control-label\" for=\"tb_vxyl187-contact-subject\">\n\t\t\t\t\t\t\t\t\t\t<span class=\"tb-label-span\">Subject <\/span><span class=\"required\">*<\/span>\t\t\t\t<\/label>\n\t\t\t    <div class=\"control-input tf_rel\">\n\t\t\t\t    \t\t\t\t\t    <input type=\"text\" name=\"contact-subject\" placeholder=\"\" id=\"tb_vxyl187-contact-subject\" value=\"\" class=\"form-control\" required>\n\t\t\t\t    \t\t\t\t    \t\t\t    <\/div>\n\t\t<\/div>\n\t    \n\t\t    \t\t    <div class=\"builder-contact-field builder-contact-field-message builder-contact-textarea-field\">\n\t\t\t    <label class=\"control-label\" for=\"tb_vxyl187-contact-message\">\n\t\t\t\t\t\t\t\t\t\t<span class=\"tb-label-span\">Message <\/span>\t\t\t\t<\/label>\n\t\t\t    <div class=\"control-input tf_rel\">\n\t\t\t\t    \t\t\t\t\t    <textarea name=\"contact-message\" placeholder=\"\" id=\"tb_vxyl187-contact-message\" class=\"form-control\"><\/textarea>\n\t\t\t\t    \t\t\t\t    \t\t\t    <\/div>\n\t\t<\/div>\n\t    \n\t\t    \n\t\t\n\t\t\n\t    \t    <div class=\"builder-contact-field builder-contact-field-send control-input tf_textl tf_clear tf_rel\">\n\t\t\t<button type=\"submit\" class=\"btn btn-primary\">\n\t\t\t\t<span class=\"tf_loader\"><\/span>\t\t\t\t<span class=\"tf_submit_icon\"><\/span> \n\t\t\t\tSEND\t\t\t<\/button>\n\t    <\/div>\n\t<\/div>\n    <\/form>\n\n    <\/div>\n<!-- \/module contact -->\n\t\t\t\t<\/div><!-- .tb-column-inner -->\n\t\t\t\t\t\t<\/div><!-- .module_column -->\n\t\t\t\t\t<div  data-lazy=\"1\" class=\"module_column sub_column col4-2 tb_rc7y261 last\">\n\t\t\t\t\t\t\t\t\t<div class=\"tb-column-inner tf_box tf_w\">\n\t\t\t\t<!-- module text -->\n<div  class=\"module module-text tb_fb45205   \" data-lazy=\"1\">\n        <div  class=\"tb_text_wrap\">\n    <p style=\"text-align: center;\"><strong>Follow us<\/strong><\/p>    <\/div>\n<\/div>\n<!-- \/module text --><!-- module icon -->\n<div  class=\"module module-icon tb_obkc86  xlarge circle icon_vertical tf_textc\" data-lazy=\"1\">\n\t\t\t<div class=\"module-icon-item\">\n\t\t\t\t\t\t\t<a href=\"https:\/\/mx.linkedin.com\/company\/ibgroupmx\" rel=\"noopener\" target=\"_blank\">\n\t\t\t\t\t\t\t\t\t\t\t\t\t\t\t\t\t<em class=\"tf_box\" style=\"background-color:#24335f;color:#fff\"><svg  class=\"tf_fa tf-fab-linkedin-in\" aria-hidden=\"true\"><use href=\"#tf-fab-linkedin-in\"><\/use><\/svg><\/em>\n\t\t\t\t\t\t\t\t\t\t\t\t\t\t\t\t<\/a>\n\t\t\t\t\t<\/div>\n\t<\/div>\n<!-- \/module icon -->\n\t\t\t\t<\/div><!-- .tb-column-inner -->\n\t\t\t\t\t\t<\/div><!-- .module_column -->\n\t\t\t\t\t\t<\/div><!-- .subrow_inner -->\n\t\t<\/div><!-- .themify_builder_sub_row -->\n\t\t\t\t\t\t\t\t<\/div><!-- .tb-column-inner -->\n\t\t\t\t\t\t<\/div><!-- .module_column -->\n\t\t\t\t\t\t<\/div><!-- .row_inner -->\n\t\t<\/div><!-- .module_row -->\n\t\t\t\t<\/div>\n<!--\/themify_builder_content-->","protected":false},"excerpt":{"rendered":"<p>Get in touch<\/p>\n","protected":false},"author":2,"featured_media":0,"parent":0,"menu_order":0,"comment_status":"closed","ping_status":"closed","template":"","meta":{"footnotes":""},"yoast_head":"<!-- This site is optimized with the Yoast SEO plugin v21.3 - https:\/\/yoast.com\/wordpress\/plugins\/seo\/ -->\n<title>Contact - IB Group EN<\/title>\n<meta name=\"description\" content=\"We specialize in the purchase, design, distribution and marketing of internationally recognized brands.\" \/>\n<meta name=\"robots\" content=\"index, follow, max-snippet:-1, max-image-preview:large, max-video-preview:-1\" \/>\n<link rel=\"canonical\" href=\"https:\/\/ibgp.com.mx\/en\/contact\/\" \/>\n<meta property=\"og:locale\" content=\"en_US\" \/>\n<meta property=\"og:type\" content=\"article\" \/>\n<meta property=\"og:title\" content=\"Contact - IB Group EN\" \/>\n<meta property=\"og:description\" content=\"We specialize in the purchase, design, distribution and marketing of internationally recognized brands.\" \/>\n<meta property=\"og:url\" content=\"https:\/\/ibgp.com.mx\/en\/contact\/\" \/>\n<meta property=\"og:site_name\" content=\"IB Group EN\" \/>\n<meta property=\"article:modified_time\" content=\"2025-06-12T18:33:53+00:00\" \/>\n<meta name=\"twitter:card\" content=\"summary_large_image\" \/>\n<script type=\"application\/ld+json\" class=\"yoast-schema-graph\">{\"@context\":\"https:\/\/schema.org\",\"@graph\":[{\"@type\":\"WebPage\",\"@id\":\"https:\/\/ibgp.com.mx\/en\/contact\/\",\"url\":\"https:\/\/ibgp.com.mx\/en\/contact\/\",\"name\":\"Contact - IB Group EN\",\"isPartOf\":{\"@id\":\"https:\/\/ibgp.com.mx\/en\/#website\"},\"datePublished\":\"2023-09-26T20:44:46+00:00\",\"dateModified\":\"2025-06-12T18:33:53+00:00\",\"description\":\"We specialize in the purchase, design, distribution and marketing of internationally recognized brands.\",\"breadcrumb\":{\"@id\":\"https:\/\/ibgp.com.mx\/en\/contact\/#breadcrumb\"},\"inLanguage\":\"en-US\",\"potentialAction\":[{\"@type\":\"ReadAction\",\"target\":[\"https:\/\/ibgp.com.mx\/en\/contact\/\"]}]},{\"@type\":\"BreadcrumbList\",\"@id\":\"https:\/\/ibgp.com.mx\/en\/contact\/#breadcrumb\",\"itemListElement\":[{\"@type\":\"ListItem\",\"position\":1,\"name\":\"Home\",\"item\":\"https:\/\/ibgp.com.mx\/en\/\"},{\"@type\":\"ListItem\",\"position\":2,\"name\":\"Contact\"}]},{\"@type\":\"WebSite\",\"@id\":\"https:\/\/ibgp.com.mx\/en\/#website\",\"url\":\"https:\/\/ibgp.com.mx\/en\/\",\"name\":\"IB Group\",\"description\":\"We love fashion\",\"publisher\":{\"@id\":\"https:\/\/ibgp.com.mx\/en\/#organization\"},\"potentialAction\":[{\"@type\":\"SearchAction\",\"target\":{\"@type\":\"EntryPoint\",\"urlTemplate\":\"https:\/\/ibgp.com.mx\/en\/?s={search_term_string}\"},\"query-input\":\"required name=search_term_string\"}],\"inLanguage\":\"en-US\"},{\"@type\":\"Organization\",\"@id\":\"https:\/\/ibgp.com.mx\/en\/#organization\",\"name\":\"IB Group\",\"url\":\"https:\/\/ibgp.com.mx\/en\/\",\"logo\":{\"@type\":\"ImageObject\",\"inLanguage\":\"en-US\",\"@id\":\"https:\/\/ibgp.com.mx\/en\/#\/schema\/logo\/image\/\",\"url\":\"https:\/\/ibgp.com.mx\/en\/wp-content\/uploads\/2023\/10\/og-image.jpg\",\"contentUrl\":\"https:\/\/ibgp.com.mx\/en\/wp-content\/uploads\/2023\/10\/og-image.jpg\",\"width\":1200,\"height\":630,\"caption\":\"IB Group\"},\"image\":{\"@id\":\"https:\/\/ibgp.com.mx\/en\/#\/schema\/logo\/image\/\"}}]}<\/script>\n<!-- \/ Yoast SEO plugin. -->","yoast_head_json":{"title":"Contact - IB Group EN","description":"We specialize in the purchase, design, distribution and marketing of internationally recognized brands.","robots":{"index":"index","follow":"follow","max-snippet":"max-snippet:-1","max-image-preview":"max-image-preview:large","max-video-preview":"max-video-preview:-1"},"canonical":"https:\/\/ibgp.com.mx\/en\/contact\/","og_locale":"en_US","og_type":"article","og_title":"Contact - IB Group EN","og_description":"We specialize in the purchase, design, distribution and marketing of internationally recognized brands.","og_url":"https:\/\/ibgp.com.mx\/en\/contact\/","og_site_name":"IB Group EN","article_modified_time":"2025-06-12T18:33:53+00:00","twitter_card":"summary_large_image","schema":{"@context":"https:\/\/schema.org","@graph":[{"@type":"WebPage","@id":"https:\/\/ibgp.com.mx\/en\/contact\/","url":"https:\/\/ibgp.com.mx\/en\/contact\/","name":"Contact - IB Group EN","isPartOf":{"@id":"https:\/\/ibgp.com.mx\/en\/#website"},"datePublished":"2023-09-26T20:44:46+00:00","dateModified":"2025-06-12T18:33:53+00:00","description":"We specialize in the purchase, design, distribution and marketing of internationally recognized brands.","breadcrumb":{"@id":"https:\/\/ibgp.com.mx\/en\/contact\/#breadcrumb"},"inLanguage":"en-US","potentialAction":[{"@type":"ReadAction","target":["https:\/\/ibgp.com.mx\/en\/contact\/"]}]},{"@type":"BreadcrumbList","@id":"https:\/\/ibgp.com.mx\/en\/contact\/#breadcrumb","itemListElement":[{"@type":"ListItem","position":1,"name":"Home","item":"https:\/\/ibgp.com.mx\/en\/"},{"@type":"ListItem","position":2,"name":"Contact"}]},{"@type":"WebSite","@id":"https:\/\/ibgp.com.mx\/en\/#website","url":"https:\/\/ibgp.com.mx\/en\/","name":"IB Group","description":"We love fashion","publisher":{"@id":"https:\/\/ibgp.com.mx\/en\/#organization"},"potentialAction":[{"@type":"SearchAction","target":{"@type":"EntryPoint","urlTemplate":"https:\/\/ibgp.com.mx\/en\/?s={search_term_string}"},"query-input":"required name=search_term_string"}],"inLanguage":"en-US"},{"@type":"Organization","@id":"https:\/\/ibgp.com.mx\/en\/#organization","name":"IB Group","url":"https:\/\/ibgp.com.mx\/en\/","logo":{"@type":"ImageObject","inLanguage":"en-US","@id":"https:\/\/ibgp.com.mx\/en\/#\/schema\/logo\/image\/","url":"https:\/\/ibgp.com.mx\/en\/wp-content\/uploads\/2023\/10\/og-image.jpg","contentUrl":"https:\/\/ibgp.com.mx\/en\/wp-content\/uploads\/2023\/10\/og-image.jpg","width":1200,"height":630,"caption":"IB Group"},"image":{"@id":"https:\/\/ibgp.com.mx\/en\/#\/schema\/logo\/image\/"}}]}},"builder_content":"<h1 style=\"text-align: center;\">Get in touch<\/h1>\n<p style=\"text-align: center;\"><a href=\"mailto:contacto@ibgp.com.mx\"><strong>contacto@ibgp.com.mx<\/strong><\/a><\/p> <p style=\"text-align: center;\">Calzada de los Leones 170, 2\u00ba Piso. Col. Los Alpes. Alvaro Obreg\u00f3n C.P 01010, M\u00e9xico D.F. Distrito Sur, Piso 9<\/p> <p style=\"text-align: center;\">Blvd. Adolfo L\u00f3pez Mateos 2235, Las \u00c1guilas, \u00c1lvaro Obreg\u00f3n, 01710 Ciudad de M\u00e9xico, CDMX<\/p>\n<form id=\"tb_vxyl187-form\" method=\"post\" data-post-id=\"0\" data-element-id=\"vxyl187\" data-orig-id=\"255\" > <label for=\"tb_vxyl187-contact-name\"> Name * <\/label> <input type=\"text\" name=\"contact-name\" placeholder=\"\" id=\"tb_vxyl187-contact-name\" value=\"\" required> <label for=\"tb_vxyl187-contact-email\"> Email * <\/label> <input type=\"email\" name=\"contact-email\" placeholder=\"\" id=\"tb_vxyl187-contact-email\" value=\"\" required> <label for=\"tb_vxyl187-contact-subject\"> Subject * <\/label> <input type=\"text\" name=\"contact-subject\" placeholder=\"\" id=\"tb_vxyl187-contact-subject\" value=\"\" required> <label for=\"tb_vxyl187-contact-message\"> Message <\/label> <textarea name=\"contact-message\" placeholder=\"\" id=\"tb_vxyl187-contact-message\"><\/textarea> <button type=\"submit\"> SEND <\/button> <\/form>\n<p style=\"text-align: center;\"><strong>Follow us<\/strong><\/p>\n<a href=\"https:\/\/mx.linkedin.com\/company\/ibgroupmx\" rel=\"noopener\" target=\"_blank\"> <em style=\"background-color:#24335f;color:#fff\"><svg aria-hidden=\"true\"><use href=\"#tf-fab-linkedin-in\"><\/use><\/svg><\/em> <\/a>","_links":{"self":[{"href":"https:\/\/ibgp.com.mx\/en\/wp-json\/wp\/v2\/pages\/255"}],"collection":[{"href":"https:\/\/ibgp.com.mx\/en\/wp-json\/wp\/v2\/pages"}],"about":[{"href":"https:\/\/ibgp.com.mx\/en\/wp-json\/wp\/v2\/types\/page"}],"author":[{"embeddable":true,"href":"https:\/\/ibgp.com.mx\/en\/wp-json\/wp\/v2\/users\/2"}],"replies":[{"embeddable":true,"href":"https:\/\/ibgp.com.mx\/en\/wp-json\/wp\/v2\/comments?post=255"}],"version-history":[{"count":21,"href":"https:\/\/ibgp.com.mx\/en\/wp-json\/wp\/v2\/pages\/255\/revisions"}],"predecessor-version":[{"id":4292,"href":"https:\/\/ibgp.com.mx\/en\/wp-json\/wp\/v2\/pages\/255\/revisions\/4292"}],"wp:attachment":[{"href":"https:\/\/ibgp.com.mx\/en\/wp-json\/wp\/v2\/media?parent=255"}],"curies":[{"name":"wp","href":"https:\/\/api.w.org\/{rel}","templated":true}]}}